{"id":67,"date":"2025-06-19T19:49:38","date_gmt":"2025-06-19T19:49:38","guid":{"rendered":"https:\/\/daxs.com\/?page_id=67"},"modified":"2025-06-22T21:03:46","modified_gmt":"2025-06-22T21:03:46","slug":"datenschutzerklaerung","status":"publish","type":"page","link":"https:\/\/rnm.at\/de\/datenschutzerklaerung\/","title":{"rendered":"Datenschutzerkl\u00e4rung"},"content":{"rendered":"\n<p><strong>1. Allgemeine Hinweise<\/strong> Der Schutz Ihrer pers\u00f6nlichen Daten ist uns ein besonderes Anliegen. Wir verarbeiten Ihre Daten daher ausschlie\u00dflich auf Grundlage der gesetzlichen Bestimmungen (DSGVO, TKG 2003). Datenschutz und Sicherheit personenbezogener Daten wird besonderer Wert beigemessen, da dies die Basis f\u00fcr vertrauensvolle Gesch\u00e4ftsbeziehungen darstellt. Diese Datenschutzerkl\u00e4rung gibt einen vollst\u00e4ndigen \u00dcberblick dar\u00fcber, welche Art von Daten von uns zu welchen Zwecken verarbeitet werden, welche Grunds\u00e4tze wir dabei beachten und welche Rechte den Betroffenen zustehen.<\/p>\n\n\n\n<p><strong>2. Verantwortlicher<\/strong> DAXS &#8211; Herbert R\u00f6blreiter<br>Wachtelstra\u00dfe 14<br>4053 Ansfelden<br>E-Mail: <a>wecare@daxs.com<\/a><br>Telefon: +43 7229 22722<\/p>\n\n\n\n<p><strong>3. Erhebung und Speicherung personenbezogener Daten sowie Art und Zweck von deren Verwendung<\/strong><\/p>\n\n\n\n<p><strong>a) Beim Besuch der Website<\/strong> Beim Aufrufen unserer Website daxs.com werden durch den auf Ihrem Endger\u00e4t zum Einsatz kommenden Browser automatisch Informationen an den Server unserer Website gesendet. Diese Informationen werden tempor\u00e4r in einem sogenannten Logfile gespeichert. Folgende Informationen werden dabei ohne Ihr Zutun erfasst und bis zur automatisierten L\u00f6schung gespeichert:<\/p>\n\n\n\n<ul class=\"wp-block-list\">\n<li>IP-Adresse des anfragenden Rechners,<\/li>\n\n\n\n<li>Datum und Uhrzeit des Zugriffs,<\/li>\n\n\n\n<li>Name und URL der abgerufenen Datei,<\/li>\n\n\n\n<li>Website, von der aus der Zugriff erfolgt (Referrer-URL),<\/li>\n\n\n\n<li>verwendeter Browser und ggf. das Betriebssystem Ihres Rechners sowie der Name Ihres Access-Providers.<\/li>\n<\/ul>\n\n\n\n<p>Die genannten Daten werden durch uns zu folgenden Zwecken verarbeitet:<\/p>\n\n\n\n<ul class=\"wp-block-list\">\n<li>Gew\u00e4hrleistung eines reibungslosen Verbindungsaufbaus der Website,<\/li>\n\n\n\n<li>Gew\u00e4hrleistung einer komfortablen Nutzung unserer Website,<\/li>\n\n\n\n<li>Auswertung der Systemsicherheit und -stabilit\u00e4t sowie<\/li>\n\n\n\n<li>zu weiteren administrativen Zwecken.<\/li>\n<\/ul>\n\n\n\n<p>Die technische Notwendigkeit dieser Verarbeitung ergibt sich aus der Funktionsweise moderner IT-Systeme und dem Schutz unserer Infrastruktur. Eine sichere und effiziente Verarbeitung ist unerl\u00e4sslich, um die Stabilit\u00e4t und Sicherheit unserer Dienste zu gew\u00e4hrleisten.<\/p>\n\n\n\n<p>Die Rechtsgrundlage f\u00fcr die Datenverarbeitung ist Art. 6 Abs. 1 S. 1 lit. f DSGVO. Unser berechtigtes Interesse folgt aus oben aufgelisteten Zwecken zur Datenerhebung.<\/p>\n\n\n\n<p><strong>b) Verarbeitung durch Cloudflare<\/strong> Zur Optimierung der Ladegeschwindigkeit, Absicherung und Analyse unserer Website verwenden wir Cloudflare als Content Delivery Network (CDN). Dabei kann es zur Verarbeitung von Daten wie IP-Adressen, Browserinformationen und anderen technischen Zugriffsdaten durch Cloudflare kommen. Diese Verarbeitung erfolgt auf Grundlage unseres berechtigten Interesses gem\u00e4\u00df Art. 6 Abs. 1 lit. f DSGVO, um die Sicherheit und Performance unserer Online-Dienste zu gew\u00e4hrleisten.<\/p>\n\n\n\n<p>Cloudflare speichert diese Daten f\u00fcr einen begrenzten Zeitraum, um DDoS-Angriffe und andere sicherheitsrelevante Ereignisse abzuwehren. Weitere Informationen finden Sie in der Datenschutzerkl\u00e4rung von Cloudflare unter: <a href=\"https:\/\/www.cloudflare.com\/privacypolicy\/\">https:\/\/www.cloudflare.com\/privacypolicy\/<\/a><\/p>\n\n\n\n<p><strong>c) Google-Dienste<\/strong> Wir nutzen verschiedene Dienste von Google Inc., darunter Google Analytics, Google Ads, Google Maps und Google reCAPTCHA, um die Funktionalit\u00e4t unserer Website zu verbessern und deren Sicherheit zu gew\u00e4hrleisten. Dabei kann es zur Verarbeitung personenbezogener Daten wie IP-Adressen und Nutzerverhalten kommen. Diese Verarbeitung erfolgt auf Grundlage von Art. 6 Abs. 1 lit. f DSGVO.<\/p>\n\n\n\n<ul class=\"wp-block-list\">\n<li><strong>Google Analytics<\/strong>: Wird zur Analyse der Nutzung unserer Website verwendet. Die IP-Adresse wird anonymisiert verarbeitet.<\/li>\n\n\n\n<li><strong>Google Ads<\/strong>: Zur Schaltung gezielter Werbung basierend auf dem Nutzerverhalten.<\/li>\n\n\n\n<li><strong>Google Maps<\/strong>: Zur Darstellung interaktiver Karten und Standortbestimmungen.<\/li>\n\n\n\n<li><strong>Google reCAPTCHA<\/strong>: Zum Schutz unserer Website vor Spam und Missbrauch.<\/li>\n<\/ul>\n\n\n\n<p>Weitere Informationen zur Datenverarbeitung durch Google finden Sie unter: <a href=\"https:\/\/policies.google.com\/privacy\">https:\/\/policies.google.com\/privacy<\/a><\/p>\n\n\n\n<p><strong>d) Einbindung sozialer Netzwerke<\/strong> Unsere Website kann Plugins und Inhalte sozialer Netzwerke wie Facebook, LinkedIn und Xing enthalten. Beim Besuch unserer Seiten wird m\u00f6glicherweise eine direkte Verbindung mit den Servern dieser Anbieter hergestellt, wodurch Daten \u00fcber Ihr Nutzerverhalten \u00fcbertragen werden k\u00f6nnen. Dies erfolgt auf Grundlage von Art. 6 Abs. 1 lit. f DSGVO.<\/p>\n\n\n\n<p><strong>e) Cookies und Tracking-Technologien<\/strong> Unsere Website verwendet Cookies und \u00e4hnliche Technologien, um die Benutzerfreundlichkeit zu verbessern und zielgerichtete Inhalte bereitzustellen. Sie k\u00f6nnen Ihre Cookie-Einstellungen jederzeit in Ihrem Browser anpassen. Eine detaillierte \u00dcbersicht \u00fcber unsere verwendeten Cookies und Tracking-Technologien finden Sie in unserer Cookie-Richtlinie auf daxs.com\/datenschutz.<\/p>\n\n\n\n<p><strong>4. Datenweitergabe an Dritte<\/strong> Ihre pers\u00f6nlichen Daten werden nur dann an Dritte weitergegeben, wenn dies erforderlich ist, um vertragliche Verpflichtungen zu erf\u00fcllen, gesetzliche Vorgaben einzuhalten oder berechtigte Interessen zu wahren. Dies umfasst unter anderem:<\/p>\n\n\n\n<ul class=\"wp-block-list\">\n<li>IT-Dienstleister zur Wartung und Weiterentwicklung unserer digitalen Angebote,<\/li>\n\n\n\n<li>Zahlungsdienstleister zur Abwicklung von Transaktionen,<\/li>\n\n\n\n<li>Beh\u00f6rden und Gerichte zur Einhaltung gesetzlicher Verpflichtungen.<\/li>\n<\/ul>\n\n\n\n<p><strong>5. Rechte der betroffenen Personen<\/strong> Sie haben gem\u00e4\u00df DSGVO umfassende Rechte bez\u00fcglich der Verarbeitung Ihrer Daten:<\/p>\n\n\n\n<ul class=\"wp-block-list\">\n<li><strong>Auskunftsrecht<\/strong>: Sie k\u00f6nnen jederzeit Auskunft \u00fcber die bei uns gespeicherten Daten verlangen.<\/li>\n\n\n\n<li><strong>Berichtigungsrecht<\/strong>: Falls Ihre Daten unrichtig oder unvollst\u00e4ndig sind, k\u00f6nnen Sie deren Korrektur verlangen.<\/li>\n\n\n\n<li><strong>L\u00f6schrecht<\/strong>: Sie haben das Recht, unter bestimmten Voraussetzungen die L\u00f6schung Ihrer Daten zu fordern.<\/li>\n\n\n\n<li><strong>Einschr\u00e4nkung der Verarbeitung<\/strong>: In bestimmten F\u00e4llen k\u00f6nnen Sie die Einschr\u00e4nkung der Verarbeitung Ihrer Daten verlangen.<\/li>\n\n\n\n<li><strong>Daten\u00fcbertragbarkeit<\/strong>: Sie k\u00f6nnen verlangen, dass wir Ihre Daten in einem g\u00e4ngigen, maschinenlesbaren Format bereitstellen.<\/li>\n\n\n\n<li><strong>Widerspruchsrecht<\/strong>: Sie k\u00f6nnen der Verarbeitung Ihrer Daten aus Gr\u00fcnden, die sich aus Ihrer besonderen Situation ergeben, widersprechen.<\/li>\n<\/ul>\n\n\n\n<p><strong>6. Haftungsausschluss<\/strong> Wir \u00fcbernehmen keine Haftung f\u00fcr Sch\u00e4den, die durch unbefugten Zugriff, Datenverlust oder Sicherheitsverletzungen entstehen, sofern diese nicht durch grobe Fahrl\u00e4ssigkeit oder vors\u00e4tzliches Handeln unsererseits verursacht wurden.<\/p>\n\n\n\n<p><strong>7. Zusammenarbeit mit Aufsichtsbeh\u00f6rden<\/strong> Wir arbeiten eng mit Datenschutzbeh\u00f6rden zusammen und halten uns an alle geltenden Vorschriften. Sollten Sie Beschwerden haben, k\u00f6nnen Sie sich jederzeit an die zust\u00e4ndige Datenschutzbeh\u00f6rde wenden.<\/p>\n\n\n\n<p><strong>8. \u00c4nderungen dieser Datenschutzerkl\u00e4rung<\/strong> Wir behalten uns das Recht vor, diese Datenschutzerkl\u00e4rung jederzeit anzupassen. \u00c4nderungen werden auf daxs.com\/datenschutz ver\u00f6ffentlicht. Es liegt in Ihrer Verantwortung, sich regelm\u00e4\u00dfig \u00fcber den aktuellen Stand zu informieren.<\/p>\n\n\n\n<p><strong>9. Schlussbestimmungen<\/strong> Sollte eine Bestimmung dieser Datenschutzerkl\u00e4rung unwirksam sein oder werden, bleibt die G\u00fcltigkeit der \u00fcbrigen Bestimmungen davon unber\u00fchrt.<\/p>\n","protected":false},"excerpt":{"rendered":"<p>1. Allgemeine Hinweise Der Schutz Ihrer pers\u00f6nlichen Daten ist uns ein besonderes Anliegen. Wir verarbeiten Ihre Daten daher ausschlie\u00dflich auf Grundlage der gesetzlichen Bestimmungen (DSGVO, TKG 2003). Datenschutz und Sicherheit personenbezogener Daten wird besonderer Wert beigemessen, da dies die Basis f\u00fcr vertrauensvolle Gesch\u00e4ftsbeziehungen darstellt. Diese Datenschutzerkl\u00e4rung gibt einen vollst\u00e4ndigen \u00dcberblick dar\u00fcber, welche Art von Daten [&hellip;]<\/p>\n","protected":false},"author":1,"featured_media":0,"parent":0,"menu_order":0,"comment_status":"closed","ping_status":"closed","template":"","meta":{"_et_pb_use_builder":"off","_et_pb_old_content":"<!-- wp:heading -->\n<h2 class=\"wp-block-heading\">Wer wir sind<\/h2>\n<!-- \/wp:heading -->\n<!-- wp:paragraph -->\n<p><strong class=\"privacy-policy-tutorial\">Textvorschlag: <\/strong>Die Adresse unserer Website ist: https:\/\/daxs.com.<\/p>\n<!-- \/wp:paragraph -->\n<!-- wp:heading -->\n<h2 class=\"wp-block-heading\">Kommentare<\/h2>\n<!-- \/wp:heading -->\n<!-- wp:paragraph -->\n<p><strong class=\"privacy-policy-tutorial\">Textvorschlag: <\/strong>Wenn Besucher Kommentare auf der Website schreiben, sammeln wir die Daten, die im Kommentar-Formular angezeigt werden, au\u00dferdem die IP-Adresse des Besuchers und den User-Agent-String (damit wird der Browser identifiziert), um die Erkennung von Spam zu unterst\u00fctzen.<\/p>\n<!-- \/wp:paragraph -->\n<!-- wp:paragraph -->\n<p>Aus deiner E-Mail-Adresse kann eine anonymisierte Zeichenfolge erstellt (auch Hash genannt) und dem Gravatar-Dienst \u00fcbergeben werden, um zu pr\u00fcfen, ob du diesen benutzt. Die Datenschutzerkl\u00e4rung des Gravatar-Dienstes findest du hier: https:\/\/automattic.com\/privacy\/. Nachdem dein Kommentar freigegeben wurde, ist dein Profilbild \u00f6ffentlich im Kontext deines Kommentars sichtbar.<\/p>\n<!-- \/wp:paragraph -->\n<!-- wp:heading -->\n<h2 class=\"wp-block-heading\">Medien<\/h2>\n<!-- \/wp:heading -->\n<!-- wp:paragraph -->\n<p><strong class=\"privacy-policy-tutorial\">Textvorschlag: <\/strong>Wenn du ein registrierter Benutzer bist und Fotos auf diese Website l\u00e4dst, solltest du vermeiden, Fotos mit einem EXIF-GPS-Standort hochzuladen. Besucher dieser Website k\u00f6nnten Fotos, die auf dieser Website gespeichert sind, herunterladen und deren Standort-Informationen extrahieren.<\/p>\n<!-- \/wp:paragraph -->\n<!-- wp:heading -->\n<h2 class=\"wp-block-heading\">Cookies<\/h2>\n<!-- \/wp:heading -->\n<!-- wp:paragraph -->\n<p><strong class=\"privacy-policy-tutorial\">Textvorschlag: <\/strong>Wenn du einen Kommentar auf unserer Website schreibst, kann das eine Einwilligung sein, deinen Namen, E-Mail-Adresse und Website in Cookies zu speichern. Dies ist eine Komfortfunktion, damit du nicht, wenn du einen weiteren Kommentar schreibst, all diese Daten erneut eingeben musst. Diese Cookies werden ein Jahr lang gespeichert.<\/p>\n<!-- \/wp:paragraph -->\n<!-- wp:paragraph -->\n<p>Falls du ein Konto hast und dich auf dieser Website anmeldest, werden wir ein tempor\u00e4res Cookie setzen, um festzustellen, ob dein Browser Cookies akzeptiert. Dieses Cookie enth\u00e4lt keine personenbezogenen Daten und wird verworfen, wenn du deinen Browser schlie\u00dft.<\/p>\n<!-- \/wp:paragraph -->\n<!-- wp:paragraph -->\n<p>Wenn du dich anmeldest, werden wir einige Cookies einrichten, um deine Anmeldeinformationen und Anzeigeoptionen zu speichern. Anmelde-Cookies verfallen nach zwei Tagen und Cookies f\u00fcr die Anzeigeoptionen nach einem Jahr. Falls du bei der Anmeldung \u201eAngemeldet bleiben\u201c ausw\u00e4hlst, wird deine Anmeldung zwei Wochen lang aufrechterhalten. Mit der Abmeldung aus deinem Konto werden die Anmelde-Cookies gel\u00f6scht.<\/p>\n<!-- \/wp:paragraph -->\n<!-- wp:paragraph -->\n<p>Wenn du einen Artikel bearbeitest oder ver\u00f6ffentlichst, wird ein zus\u00e4tzlicher Cookie in deinem Browser gespeichert. Dieser Cookie enth\u00e4lt keine personenbezogenen Daten und verweist nur auf die Beitrags-ID des Artikels, den du gerade bearbeitet hast. Der Cookie verf\u00e4llt nach einem Tag.<\/p>\n<!-- \/wp:paragraph -->\n<!-- wp:heading -->\n<h2 class=\"wp-block-heading\">Eingebettete Inhalte von anderen Websites<\/h2>\n<!-- \/wp:heading -->\n<!-- wp:paragraph -->\n<p><strong class=\"privacy-policy-tutorial\">Textvorschlag: <\/strong>Beitr\u00e4ge auf dieser Website k\u00f6nnen eingebettete Inhalte beinhalten (z.\u00a0B. Videos, Bilder, Beitr\u00e4ge etc.). Eingebettete Inhalte von anderen Websites verhalten sich exakt so, als ob der Besucher die andere Website besucht h\u00e4tte.<\/p>\n<!-- \/wp:paragraph -->\n<!-- wp:paragraph -->\n<p>Diese Websites k\u00f6nnen Daten \u00fcber dich sammeln, Cookies benutzen, zus\u00e4tzliche Tracking-Dienste von Dritten einbetten und deine Interaktion mit diesem eingebetteten Inhalt aufzeichnen, inklusive deiner Interaktion mit dem eingebetteten Inhalt, falls du ein Konto hast und auf dieser Website angemeldet bist.<\/p>\n<!-- \/wp:paragraph -->\n<!-- wp:heading -->\n<h2 class=\"wp-block-heading\">Mit wem wir deine Daten teilen<\/h2>\n<!-- \/wp:heading -->\n<!-- wp:paragraph -->\n<p><strong class=\"privacy-policy-tutorial\">Textvorschlag: <\/strong>Wenn du eine Zur\u00fccksetzung des Passworts beantragst, wird deine IP-Adresse in der E-Mail zur Zur\u00fccksetzung enthalten sein.<\/p>\n<!-- \/wp:paragraph -->\n<!-- wp:heading -->\n<h2 class=\"wp-block-heading\">Wie lange wir deine Daten speichern<\/h2>\n<!-- \/wp:heading -->\n<!-- wp:paragraph -->\n<p><strong class=\"privacy-policy-tutorial\">Textvorschlag: <\/strong>Wenn du einen Kommentar schreibst, wird dieser inklusive Metadaten zeitlich unbegrenzt gespeichert. Auf diese Art k\u00f6nnen wir Folgekommentare automatisch erkennen und freigeben, anstatt sie in einer Moderations-Warteschlange festzuhalten.<\/p>\n<!-- \/wp:paragraph -->\n<!-- wp:paragraph -->\n<p>F\u00fcr Benutzer, die sich auf unserer Website registrieren, speichern wir zus\u00e4tzlich die pers\u00f6nlichen Informationen, die sie in ihren Benutzerprofilen angeben. Alle Benutzer k\u00f6nnen jederzeit ihre pers\u00f6nlichen Informationen einsehen, ver\u00e4ndern oder l\u00f6schen (der Benutzername kann nicht ver\u00e4ndert werden). Administratoren der Website k\u00f6nnen diese Informationen ebenfalls einsehen und ver\u00e4ndern.<\/p>\n<!-- \/wp:paragraph -->\n<!-- wp:heading -->\n<h2 class=\"wp-block-heading\">Welche Rechte du an deinen Daten hast<\/h2>\n<!-- \/wp:heading -->\n<!-- wp:paragraph -->\n<p><strong class=\"privacy-policy-tutorial\">Textvorschlag: <\/strong>Wenn du ein Konto auf dieser Website besitzt oder Kommentare geschrieben hast, kannst du einen Export deiner personenbezogenen Daten bei uns anfordern, inklusive aller Daten, die du uns mitgeteilt hast. Dar\u00fcber hinaus kannst du die L\u00f6schung aller personenbezogenen Daten, die wir von dir gespeichert haben, anfordern. Dies umfasst nicht die Daten, die wir aufgrund administrativer, rechtlicher oder sicherheitsrelevanter Notwendigkeiten aufbewahren m\u00fcssen.<\/p>\n<!-- \/wp:paragraph -->\n<!-- wp:heading -->\n<h2 class=\"wp-block-heading\">Wohin deine Daten gesendet werden<\/h2>\n<!-- \/wp:heading -->\n<!-- wp:paragraph -->\n<p><strong class=\"privacy-policy-tutorial\">Textvorschlag: <\/strong>Besucher-Kommentare k\u00f6nnten von einem automatisierten Dienst zur Spam-Erkennung untersucht werden.<\/p>\n<!-- \/wp:paragraph -->\n","_et_gb_content_width":"1080","inline_featured_image":false,"footnotes":""},"class_list":["post-67","page","type-page","status-publish","hentry"],"featured_image_src":null,"yoast_head":"<!-- This site is optimized with the Yoast SEO plugin v27.3 - https:\/\/yoast.com\/product\/yoast-seo-wordpress\/ -->\n<title>Datenschutzerkl\u00e4rung - DAXS<\/title>\n<meta name=\"robots\" content=\"index, follow, max-snippet:-1, max-image-preview:large, max-video-preview:-1\" \/>\n<link rel=\"canonical\" href=\"https:\/\/rnm.at\/de\/datenschutzerklaerung\/\" \/>\n<meta property=\"og:locale\" content=\"de_DE\" \/>\n<meta property=\"og:type\" content=\"article\" \/>\n<meta property=\"og:title\" content=\"Datenschutzerkl\u00e4rung - DAXS\" \/>\n<meta property=\"og:description\" content=\"1. Allgemeine Hinweise Der Schutz Ihrer pers\u00f6nlichen Daten ist uns ein besonderes Anliegen. Wir verarbeiten Ihre Daten daher ausschlie\u00dflich auf Grundlage der gesetzlichen Bestimmungen (DSGVO, TKG 2003). Datenschutz und Sicherheit personenbezogener Daten wird besonderer Wert beigemessen, da dies die Basis f\u00fcr vertrauensvolle Gesch\u00e4ftsbeziehungen darstellt. Diese Datenschutzerkl\u00e4rung gibt einen vollst\u00e4ndigen \u00dcberblick dar\u00fcber, welche Art von Daten [&hellip;]\" \/>\n<meta property=\"og:url\" content=\"https:\/\/rnm.at\/de\/datenschutzerklaerung\/\" \/>\n<meta property=\"og:site_name\" content=\"DAXS\" \/>\n<meta property=\"article:modified_time\" content=\"2025-06-22T21:03:46+00:00\" \/>\n<meta name=\"twitter:card\" content=\"summary_large_image\" \/>\n<meta name=\"twitter:label1\" content=\"Gesch\u00e4tzte Lesezeit\" \/>\n\t<meta name=\"twitter:data1\" content=\"4\u00a0Minuten\" \/>\n<script type=\"application\/ld+json\" class=\"yoast-schema-graph\">{\"@context\":\"https:\\\/\\\/schema.org\",\"@graph\":[{\"@type\":\"WebPage\",\"@id\":\"https:\\\/\\\/rnm.at\\\/de\\\/datenschutzerklaerung\\\/\",\"url\":\"https:\\\/\\\/rnm.at\\\/de\\\/datenschutzerklaerung\\\/\",\"name\":\"Datenschutzerkl\u00e4rung - DAXS\",\"isPartOf\":{\"@id\":\"https:\\\/\\\/daxs.com\\\/de\\\/#website\"},\"datePublished\":\"2025-06-19T19:49:38+00:00\",\"dateModified\":\"2025-06-22T21:03:46+00:00\",\"breadcrumb\":{\"@id\":\"https:\\\/\\\/rnm.at\\\/de\\\/datenschutzerklaerung\\\/#breadcrumb\"},\"inLanguage\":\"de\",\"potentialAction\":[{\"@type\":\"ReadAction\",\"target\":[\"https:\\\/\\\/rnm.at\\\/de\\\/datenschutzerklaerung\\\/\"]}]},{\"@type\":\"BreadcrumbList\",\"@id\":\"https:\\\/\\\/rnm.at\\\/de\\\/datenschutzerklaerung\\\/#breadcrumb\",\"itemListElement\":[{\"@type\":\"ListItem\",\"position\":1,\"name\":\"Startseite\",\"item\":\"https:\\\/\\\/daxs.com\\\/de\\\/\"},{\"@type\":\"ListItem\",\"position\":2,\"name\":\"Datenschutzerkl\u00e4rung\"}]},{\"@type\":\"WebSite\",\"@id\":\"https:\\\/\\\/daxs.com\\\/de\\\/#website\",\"url\":\"https:\\\/\\\/daxs.com\\\/de\\\/\",\"name\":\"DAXS\",\"description\":\"L\u00f6sungen, die bewegen.\",\"publisher\":{\"@id\":\"https:\\\/\\\/daxs.com\\\/de\\\/#organization\"},\"potentialAction\":[{\"@type\":\"SearchAction\",\"target\":{\"@type\":\"EntryPoint\",\"urlTemplate\":\"https:\\\/\\\/daxs.com\\\/de\\\/?s={search_term_string}\"},\"query-input\":{\"@type\":\"PropertyValueSpecification\",\"valueRequired\":true,\"valueName\":\"search_term_string\"}}],\"inLanguage\":\"de\"},{\"@type\":\"Organization\",\"@id\":\"https:\\\/\\\/daxs.com\\\/de\\\/#organization\",\"name\":\"DAXS Herbert R\u00f6blreiter\",\"url\":\"https:\\\/\\\/daxs.com\\\/de\\\/\",\"logo\":{\"@type\":\"ImageObject\",\"inLanguage\":\"de\",\"@id\":\"https:\\\/\\\/daxs.com\\\/de\\\/#\\\/schema\\\/logo\\\/image\\\/\",\"url\":\"https:\\\/\\\/daxs.com\\\/wp-content\\\/uploads\\\/2025\\\/06\\\/daxs-dogonly-o.svg\",\"contentUrl\":\"https:\\\/\\\/daxs.com\\\/wp-content\\\/uploads\\\/2025\\\/06\\\/daxs-dogonly-o.svg\",\"width\":33,\"height\":18,\"caption\":\"DAXS Herbert R\u00f6blreiter\"},\"image\":{\"@id\":\"https:\\\/\\\/daxs.com\\\/de\\\/#\\\/schema\\\/logo\\\/image\\\/\"}}]}<\/script>\n<!-- \/ Yoast SEO plugin. -->","yoast_head_json":{"title":"Datenschutzerkl\u00e4rung - DAXS","robots":{"index":"index","follow":"follow","max-snippet":"max-snippet:-1","max-image-preview":"max-image-preview:large","max-video-preview":"max-video-preview:-1"},"canonical":"https:\/\/rnm.at\/de\/datenschutzerklaerung\/","og_locale":"de_DE","og_type":"article","og_title":"Datenschutzerkl\u00e4rung - DAXS","og_description":"1. Allgemeine Hinweise Der Schutz Ihrer pers\u00f6nlichen Daten ist uns ein besonderes Anliegen. Wir verarbeiten Ihre Daten daher ausschlie\u00dflich auf Grundlage der gesetzlichen Bestimmungen (DSGVO, TKG 2003). Datenschutz und Sicherheit personenbezogener Daten wird besonderer Wert beigemessen, da dies die Basis f\u00fcr vertrauensvolle Gesch\u00e4ftsbeziehungen darstellt. Diese Datenschutzerkl\u00e4rung gibt einen vollst\u00e4ndigen \u00dcberblick dar\u00fcber, welche Art von Daten [&hellip;]","og_url":"https:\/\/rnm.at\/de\/datenschutzerklaerung\/","og_site_name":"DAXS","article_modified_time":"2025-06-22T21:03:46+00:00","twitter_card":"summary_large_image","twitter_misc":{"Gesch\u00e4tzte Lesezeit":"4\u00a0Minuten"},"schema":{"@context":"https:\/\/schema.org","@graph":[{"@type":"WebPage","@id":"https:\/\/rnm.at\/de\/datenschutzerklaerung\/","url":"https:\/\/rnm.at\/de\/datenschutzerklaerung\/","name":"Datenschutzerkl\u00e4rung - DAXS","isPartOf":{"@id":"https:\/\/daxs.com\/de\/#website"},"datePublished":"2025-06-19T19:49:38+00:00","dateModified":"2025-06-22T21:03:46+00:00","breadcrumb":{"@id":"https:\/\/rnm.at\/de\/datenschutzerklaerung\/#breadcrumb"},"inLanguage":"de","potentialAction":[{"@type":"ReadAction","target":["https:\/\/rnm.at\/de\/datenschutzerklaerung\/"]}]},{"@type":"BreadcrumbList","@id":"https:\/\/rnm.at\/de\/datenschutzerklaerung\/#breadcrumb","itemListElement":[{"@type":"ListItem","position":1,"name":"Startseite","item":"https:\/\/daxs.com\/de\/"},{"@type":"ListItem","position":2,"name":"Datenschutzerkl\u00e4rung"}]},{"@type":"WebSite","@id":"https:\/\/daxs.com\/de\/#website","url":"https:\/\/daxs.com\/de\/","name":"DAXS","description":"L\u00f6sungen, die bewegen.","publisher":{"@id":"https:\/\/daxs.com\/de\/#organization"},"potentialAction":[{"@type":"SearchAction","target":{"@type":"EntryPoint","urlTemplate":"https:\/\/daxs.com\/de\/?s={search_term_string}"},"query-input":{"@type":"PropertyValueSpecification","valueRequired":true,"valueName":"search_term_string"}}],"inLanguage":"de"},{"@type":"Organization","@id":"https:\/\/daxs.com\/de\/#organization","name":"DAXS Herbert R\u00f6blreiter","url":"https:\/\/daxs.com\/de\/","logo":{"@type":"ImageObject","inLanguage":"de","@id":"https:\/\/daxs.com\/de\/#\/schema\/logo\/image\/","url":"https:\/\/daxs.com\/wp-content\/uploads\/2025\/06\/daxs-dogonly-o.svg","contentUrl":"https:\/\/daxs.com\/wp-content\/uploads\/2025\/06\/daxs-dogonly-o.svg","width":33,"height":18,"caption":"DAXS Herbert R\u00f6blreiter"},"image":{"@id":"https:\/\/daxs.com\/de\/#\/schema\/logo\/image\/"}}]}},"_links":{"self":[{"href":"https:\/\/rnm.at\/de\/wp-json\/wp\/v2\/pages\/67","targetHints":{"allow":["GET"]}}],"collection":[{"href":"https:\/\/rnm.at\/de\/wp-json\/wp\/v2\/pages"}],"about":[{"href":"https:\/\/rnm.at\/de\/wp-json\/wp\/v2\/types\/page"}],"author":[{"embeddable":true,"href":"https:\/\/rnm.at\/de\/wp-json\/wp\/v2\/users\/1"}],"replies":[{"embeddable":true,"href":"https:\/\/rnm.at\/de\/wp-json\/wp\/v2\/comments?post=67"}],"version-history":[{"count":2,"href":"https:\/\/rnm.at\/de\/wp-json\/wp\/v2\/pages\/67\/revisions"}],"predecessor-version":[{"id":437,"href":"https:\/\/rnm.at\/de\/wp-json\/wp\/v2\/pages\/67\/revisions\/437"}],"wp:attachment":[{"href":"https:\/\/rnm.at\/de\/wp-json\/wp\/v2\/media?parent=67"}],"curies":[{"name":"wp","href":"https:\/\/api.w.org\/{rel}","templated":true}]}}